{"id":6,"date":"2023-05-02T20:27:01","date_gmt":"2023-05-02T19:27:01","guid":{"rendered":"http:\/\/labike.ca\/?page_id=6"},"modified":"2023-05-05T16:07:49","modified_gmt":"2023-05-05T15:07:49","slug":"about-us","status":"publish","type":"page","link":"https:\/\/labike.ca\/?page_id=6","title":{"rendered":"About us\u00a0\/ \u00c0 propos de\u00a0nous"},"content":{"rendered":"\n<p>We are a community bike repair shop in Southeastern Manitoba. We want to help you learn the skills to fix your own bike. We also have bikes for sale.<\/p>\n\n\n\n<p>Nous sommes un atelier de r\u00e9paration de v\u00e9lo dans le sud-est du Manitoba. Nous voulons vous aider \u00e0 apprendre comment r\u00e9parer votre v\u00e9lo! Nous avons aussi des v\u00e9los \u00e0 vendre.<\/p>\n","protected":false},"excerpt":{"rendered":"<p>We are a community bike repair shop in Southeastern Manitoba. We want to help you learn the skills to fix your own bike. We also have bikes for sale. Nous sommes un atelier de r\u00e9paration de v\u00e9lo dans le sud-est du Manitoba. Nous voulons vous aider \u00e0 apprendre comment r\u00e9parer votre v\u00e9lo! Nous avons aussi &hellip; <\/p>\n<p class=\"link-more\"><a href=\"https:\/\/labike.ca\/?page_id=6\" class=\"more-link\">Read more<span class=\"screen-reader-text\"> &#8220;About us\u00a0\/ \u00c0 propos de\u00a0nous&#8221;<\/span><\/a><\/p>\n","protected":false},"author":1,"featured_media":148,"parent":0,"menu_order":0,"comment_status":"closed","ping_status":"closed","template":"","meta":{"footnotes":""},"_links":{"self":[{"href":"https:\/\/labike.ca\/index.php?rest_route=\/wp\/v2\/pages\/6"}],"collection":[{"href":"https:\/\/labike.ca\/index.php?rest_route=\/wp\/v2\/pages"}],"about":[{"href":"https:\/\/labike.ca\/index.php?rest_route=\/wp\/v2\/types\/page"}],"author":[{"embeddable":true,"href":"https:\/\/labike.ca\/index.php?rest_route=\/wp\/v2\/users\/1"}],"replies":[{"embeddable":true,"href":"https:\/\/labike.ca\/index.php?rest_route=%2Fwp%2Fv2%2Fcomments&post=6"}],"version-history":[{"count":2,"href":"https:\/\/labike.ca\/index.php?rest_route=\/wp\/v2\/pages\/6\/revisions"}],"predecessor-version":[{"id":113,"href":"https:\/\/labike.ca\/index.php?rest_route=\/wp\/v2\/pages\/6\/revisions\/113"}],"wp:featuredmedia":[{"embeddable":true,"href":"https:\/\/labike.ca\/index.php?rest_route=\/wp\/v2\/media\/148"}],"wp:attachment":[{"href":"https:\/\/labike.ca\/index.php?rest_route=%2Fwp%2Fv2%2Fmedia&parent=6"}],"curies":[{"name":"wp","href":"https:\/\/api.w.org\/{rel}","templated":true}]}}