{"id":134,"date":"2023-05-04T22:05:35","date_gmt":"2023-05-04T21:05:35","guid":{"rendered":"https:\/\/labike.ca\/?page_id=134"},"modified":"2023-05-05T16:18:51","modified_gmt":"2023-05-05T15:18:51","slug":"how-it-works-comment-ca-marche","status":"publish","type":"page","link":"https:\/\/labike.ca\/?page_id=134","title":{"rendered":"How it works \/ Comment \u00e7a marche"},"content":{"rendered":"\n<h2 class=\"wp-block-heading\">I have a bike to donate \/ J&#8217;ai un v\u00e9lo \u00e0 donner<\/h2>\n\n\n\n<ul>\n<li>We accept and appreciate bikes and bike parts donations at our location 36016 Pth 52.  Please note that we have made it our policy to not take donations in exchange for parts, labour or bikes.  <\/li>\n\n\n\n<li>Nous acceptons et nous appr\u00e9cions les dons de v\u00e9los et pi\u00e8ces de v\u00e9lo usag\u00e9s.  Descendez-les \u00e0 notre emplacement 36016 Pth 52.  Veuillez notez que c&#8217;est notre politique de ne pas acceptez des dons en \u00e9change pour des v\u00e9los, pi\u00e8ces de v\u00e9lo ou travail. <\/li>\n<\/ul>\n\n\n\n<h2 class=\"wp-block-heading\">I have a bike to fix \/ J\u2019ai un v\u00e9lo \u00e0 r\u00e9parer<\/h2>\n\n\n\n<ul id=\"block-1475cb4c-83f2-44a8-ad9c-92b5907dfa0c\">\n<li>We have bikes stands, bike tools and volunteers available to guide you in your repair, our current suggested shop\/volunteer time and effort rate is $10\/hour.<\/li>\n\n\n\n<li>Nous avons des pieds de v\u00e9los, des outils et des b\u00e9n\u00e9voles disponibles pour vous guider dans vos r\u00e9parations. Notre taux sugg\u00e9r\u00e9 pour le temps d&#8217;atelier\/l&#8217;effort et le temps des b\u00e9n\u00e9voles est 10$\/h.<\/li>\n<\/ul>\n\n\n\n<h2 class=\"wp-block-heading\">I need a bike \/ J&#8217;ai besoin d&#8217;un v\u00e9lo<\/h2>\n\n\n\n<ul>\n<li>We have a range of used bikes for sale, come see what we have in stock.<\/li>\n\n\n\n<li>Nous avons toute une gamme de v\u00e9los usag\u00e9s \u00e0 vendre, venez voir si l&#8217;un d&#8217;eux vous plait!<\/li>\n<\/ul>\n\n\n\n<h2 class=\"wp-block-heading\">I want to learn and volunteer \/ J&#8217;aimerais apprendre et faire du b\u00e9n\u00e9volat<\/h2>\n\n\n\n<ul>\n<li>Come and spend time with us and work on our stock of bikes, we will guide you through it.  As time goes by, you will realize you know more than you ever thought you could!   Please inquire for more shop time if desired.<\/li>\n\n\n\n<li>Venez passer du temps avec nous et nous allons apprendre ensemble.   Contactez-nous pour la possibilit\u00e9 d\u2019autre temps d\u2019ouverture<\/li>\n<\/ul>\n\n\n\n<h2 class=\"wp-block-heading\">Can I just come and hang out? \/ Est-ce que je peux simplement venir visiter?<\/h2>\n\n\n\n<ul>\n<li>Yes! \/ Oui!<\/li>\n<\/ul>\n","protected":false},"excerpt":{"rendered":"<p>I have a bike to donate \/ J&#8217;ai un v\u00e9lo \u00e0 donner I have a bike to fix \/ J\u2019ai un v\u00e9lo \u00e0 r\u00e9parer I need a bike \/ J&#8217;ai besoin d&#8217;un v\u00e9lo I want to learn and volunteer \/ J&#8217;aimerais apprendre et faire du b\u00e9n\u00e9volat Can I just come and hang out? \/ Est-ce &hellip; <\/p>\n<p class=\"link-more\"><a href=\"https:\/\/labike.ca\/?page_id=134\" class=\"more-link\">Read more<span class=\"screen-reader-text\"> &#8220;How it works \/ Comment \u00e7a marche&#8221;<\/span><\/a><\/p>\n","protected":false},"author":1,"featured_media":138,"parent":0,"menu_order":0,"comment_status":"closed","ping_status":"closed","template":"","meta":{"footnotes":""},"_links":{"self":[{"href":"https:\/\/labike.ca\/index.php?rest_route=\/wp\/v2\/pages\/134"}],"collection":[{"href":"https:\/\/labike.ca\/index.php?rest_route=\/wp\/v2\/pages"}],"about":[{"href":"https:\/\/labike.ca\/index.php?rest_route=\/wp\/v2\/types\/page"}],"author":[{"embeddable":true,"href":"https:\/\/labike.ca\/index.php?rest_route=\/wp\/v2\/users\/1"}],"replies":[{"embeddable":true,"href":"https:\/\/labike.ca\/index.php?rest_route=%2Fwp%2Fv2%2Fcomments&post=134"}],"version-history":[{"count":5,"href":"https:\/\/labike.ca\/index.php?rest_route=\/wp\/v2\/pages\/134\/revisions"}],"predecessor-version":[{"id":151,"href":"https:\/\/labike.ca\/index.php?rest_route=\/wp\/v2\/pages\/134\/revisions\/151"}],"wp:featuredmedia":[{"embeddable":true,"href":"https:\/\/labike.ca\/index.php?rest_route=\/wp\/v2\/media\/138"}],"wp:attachment":[{"href":"https:\/\/labike.ca\/index.php?rest_route=%2Fwp%2Fv2%2Fmedia&parent=134"}],"curies":[{"name":"wp","href":"https:\/\/api.w.org\/{rel}","templated":true}]}}