{"id":102,"date":"2023-05-02T20:36:15","date_gmt":"2023-05-02T19:36:15","guid":{"rendered":"https:\/\/labike.ca\/?page_id=102"},"modified":"2025-04-30T20:23:59","modified_gmt":"2025-04-30T19:23:59","slug":"events-evenements","status":"publish","type":"page","link":"https:\/\/labike.ca\/?page_id=102","title":{"rendered":"Events \/ \u00c9v\u00e8nements"},"content":{"rendered":"\n<p>Check back here for family rides, bike repair blitzes, and instructional workshops. Call us at 204-346-1515 to get involved!<\/p>\n\n\n\n<p>Revenez ici pour trouvez les dates de nos promenades familiales, soir\u00e9es de r\u00e9parations et sessions d&#8217;apprentissage.  Contactez nous si vous \u00eates int\u00e9ress\u00e9s de vous impliquer!<\/p>\n\n\n\n<div class=\"wp-block-cover is-light\" style=\"min-height:280px\"><span aria-hidden=\"true\" class=\"wp-block-cover__background has-background-dim\"><\/span><img loading=\"lazy\" decoding=\"async\" width=\"1024\" height=\"768\" class=\"wp-block-cover__image-background wp-image-283\" alt=\"\" src=\"https:\/\/labike.ca\/wp-content\/uploads\/2025\/04\/image.jpeg\" data-object-fit=\"cover\" srcset=\"https:\/\/labike.ca\/wp-content\/uploads\/2025\/04\/image.jpeg 1024w, https:\/\/labike.ca\/wp-content\/uploads\/2025\/04\/image-300x225.jpeg 300w, https:\/\/labike.ca\/wp-content\/uploads\/2025\/04\/image-768x576.jpeg 768w\" sizes=\"(max-width: 1024px) 100vw, 1024px\" \/><div class=\"wp-block-cover__inner-container is-layout-flow wp-block-cover-is-layout-flow\">\n<p class=\"has-text-align-center has-large-font-size\"><strong><mark style=\"background-color:rgba(0, 0, 0, 0)\" class=\"has-inline-color has-white-color\">La Bikequerie Season Opener BBQ | Relancement du printemps<\/mark><\/strong><\/p>\n<\/div><\/div>\n\n\n\n<div class=\"wp-block-group is-layout-constrained wp-block-group-is-layout-constrained\"><div class=\"wp-block-group__inner-container\">\n<div class=\"wp-block-group is-layout-constrained wp-block-group-is-layout-constrained\"><div class=\"wp-block-group__inner-container\">\n<div class=\"wp-block-group is-layout-constrained wp-block-group-is-layout-constrained\"><div class=\"wp-block-group__inner-container\">\n<div class=\"wp-block-group is-layout-constrained wp-block-group-is-layout-constrained\"><div class=\"wp-block-group__inner-container\">\n<div class=\"wp-block-columns is-layout-flex wp-container-core-columns-layout-1 wp-block-columns-is-layout-flex\">\n<div class=\"wp-block-column is-layout-flow wp-block-column-is-layout-flow\">\n<figure class=\"wp-block-pullquote\"><blockquote><p>Free hotdogs &amp; drinks (limited)<br> Activities for kids<br>Free bike tune-ups &amp; instruction<br>Used bikes for sale<br>Free kids\u2019 bikes<\/p><\/blockquote><\/figure>\n<\/div>\n\n\n\n<div class=\"wp-block-column is-layout-flow wp-block-column-is-layout-flow\">\n<figure class=\"wp-block-pullquote\"><blockquote><p>Chiens-chauds et boissons gratuites<br>Activit\u00e9s pour les enfants<br>Mises au point de v\u00e9lo avec instructions<br>V\u00e9los usag\u00e9s a vendre<br> V\u00e9los usag\u00e9s d&#8217;enfant gratuit<\/p><\/blockquote><\/figure>\n<\/div>\n<\/div>\n<\/div><\/div>\n<\/div><\/div>\n<\/div><\/div>\n<\/div><\/div>\n\n\n\n<figure class=\"wp-block-image size-large\"><img loading=\"lazy\" decoding=\"async\" width=\"768\" height=\"1024\" src=\"http:\/\/labike.ca\/wp-content\/uploads\/2024\/05\/MonthlyBikeJam2024-1-pdf-768x1024.jpg\" alt=\"\" class=\"wp-image-266\"\/><\/figure>\n\n\n\n<figure class=\"wp-block-image size-full\"><img loading=\"lazy\" decoding=\"async\" width=\"693\" height=\"921\" src=\"https:\/\/labike.ca\/wp-content\/uploads\/2023\/08\/MicrosoftTeams-image-1.png\" alt=\"\" class=\"wp-image-259\" srcset=\"https:\/\/labike.ca\/wp-content\/uploads\/2023\/08\/MicrosoftTeams-image-1.png 693w, https:\/\/labike.ca\/wp-content\/uploads\/2023\/08\/MicrosoftTeams-image-1-226x300.png 226w\" sizes=\"(max-width: 693px) 100vw, 693px\" \/><\/figure>\n\n\n\n<figure class=\"wp-block-image size-large is-resized\"><img decoding=\"async\" src=\"https:\/\/mennoniteheritagevillage.com\/wp-content\/uploads\/2023\/08\/PeaceTrekBanner-hq-2048x356.jpg\" alt=\"\" style=\"width:840px;height:146px\"\/><\/figure>\n\n\n\n<p>Join us at the Peace Trek 2023.  <\/p>\n\n\n\n<div class=\"wp-block-columns is-layout-flex wp-container-core-columns-layout-2 wp-block-columns-is-layout-flex\">\n<div class=\"wp-block-column is-layout-flow wp-block-column-is-layout-flow\">\n<p class=\"has-light-green-cyan-background-color has-background\"><strong>La Broquerie Farmer&#8217;s Market<br>11 AM &#8211; 3 PM last Sunday of the month, 2023<\/strong><\/p>\n<\/div>\n\n\n\n<div class=\"wp-block-column is-layout-flow wp-block-column-is-layout-flow\">\n<p class=\"has-light-green-cyan-background-color has-background\"><strong>March\u00e9 fermier La Broquerie<br>dernier dimanche du mois, 11 h &#8211; 15 h <\/strong><\/p>\n<\/div>\n<\/div>\n\n\n\n<div class=\"wp-block-columns is-layout-flex wp-container-core-columns-layout-3 wp-block-columns-is-layout-flex\">\n<div class=\"wp-block-column is-layout-flow wp-block-column-is-layout-flow\">\n<p class=\"has-pale-cyan-blue-background-color has-background\"><strong>Family Slow Roll<br>9 AM Sunday June 11, 2023 <br><\/strong> <br>Meet us at the Tetrault Park entrance behind the Hylife Centre (La Broquerie arena)<br><br>We will go around Tetrault Park and end at the splash pad.  Don&#8217;t forget your bike, helmet and towel!<\/p>\n<\/div>\n\n\n\n<div class=\"wp-block-column is-layout-flow wp-block-column-is-layout-flow\">\n<p class=\"has-pale-cyan-blue-background-color has-background\"><strong>Balade en v\u00e9lo familial<br>le dimanche 11 juin 2023, 9 h 00<br><\/strong><br>Rencontrez nous \u00e0 l&#8217;entr\u00e9e du Parc T\u00e9trault derri\u00e8re le Centre HyLife (Ar\u00e8ne de La Broquerie)<br><br>Nous ferons le tour du Parc Tetrault et nous finirons \u00e0 la pataugeoire.  Noubliez pas votre casque, votre v\u00e9lo et une serviette!<\/p>\n<\/div>\n<\/div>\n\n\n\n<p><\/p>\n\n\n\n<p class=\"has-black-color has-light-green-cyan-background-color has-text-color has-background\">Saturday May 27, 2023 \/ le samedi 27 mai 2023<br>10 am &#8211; 4 pm \/ 10h &#8211; 16h <br>Grand Opening \/ Grande ouverture<br><br>Come for a hotdog, bike obstacle course and bike tune-ups.<br>Check out our new location, test drive a bike and have fun!  <br><br>Chiens-chauds, course \u00e0 obstacles, et mises au point de v\u00e9lo.<br>Venez voir notre nouvel emplacement, essayez un v\u00e9lo usag\u00e9 et amusez-vous bien!<\/p>\n\n\n\n<p><\/p>\n\n\n\n<p><\/p>\n\n\n\n<p><\/p>\n\n\n\n<p><\/p>\n\n\n\n<p><\/p>\n","protected":false},"excerpt":{"rendered":"<p>Check back here for family rides, bike repair blitzes, and instructional workshops. Call us at 204-346-1515 to get involved! Revenez ici pour trouvez les dates de nos promenades familiales, soir\u00e9es de r\u00e9parations et sessions d&#8217;apprentissage. Contactez nous si vous \u00eates int\u00e9ress\u00e9s de vous impliquer! Free hotdogs &amp; drinks (limited) Activities for kidsFree bike tune-ups &amp; &hellip; <\/p>\n<p class=\"link-more\"><a href=\"https:\/\/labike.ca\/?page_id=102\" class=\"more-link\">Read more<span class=\"screen-reader-text\"> &#8220;Events \/ \u00c9v\u00e8nements&#8221;<\/span><\/a><\/p>\n","protected":false},"author":1,"featured_media":0,"parent":0,"menu_order":0,"comment_status":"closed","ping_status":"closed","template":"","meta":{"footnotes":""},"_links":{"self":[{"href":"https:\/\/labike.ca\/index.php?rest_route=\/wp\/v2\/pages\/102"}],"collection":[{"href":"https:\/\/labike.ca\/index.php?rest_route=\/wp\/v2\/pages"}],"about":[{"href":"https:\/\/labike.ca\/index.php?rest_route=\/wp\/v2\/types\/page"}],"author":[{"embeddable":true,"href":"https:\/\/labike.ca\/index.php?rest_route=\/wp\/v2\/users\/1"}],"replies":[{"embeddable":true,"href":"https:\/\/labike.ca\/index.php?rest_route=%2Fwp%2Fv2%2Fcomments&post=102"}],"version-history":[{"count":13,"href":"https:\/\/labike.ca\/index.php?rest_route=\/wp\/v2\/pages\/102\/revisions"}],"predecessor-version":[{"id":287,"href":"https:\/\/labike.ca\/index.php?rest_route=\/wp\/v2\/pages\/102\/revisions\/287"}],"wp:attachment":[{"href":"https:\/\/labike.ca\/index.php?rest_route=%2Fwp%2Fv2%2Fmedia&parent=102"}],"curies":[{"name":"wp","href":"https:\/\/api.w.org\/{rel}","templated":true}]}}